{"id":10057,"date":"2025-02-06T11:47:20","date_gmt":"2025-02-06T16:47:20","guid":{"rendered":"https:\/\/lobbypms.com\/lobbypms-recrutamento\/"},"modified":"2025-02-21T10:16:07","modified_gmt":"2025-02-21T15:16:07","slug":"lobbypms-recrutamento","status":"publish","type":"page","link":"https:\/\/lobbypms.com\/pt-br\/lobbypms-recrutamento\/","title":{"rendered":"LobbyPMS Recrutamento"},"content":{"rendered":"\t\t<div data-elementor-type=\"wp-page\" data-elementor-id=\"10057\" class=\"elementor elementor-10057 elementor-8186\" data-elementor-post-type=\"page\">\n\t\t\t\t<div class=\"elementor-element elementor-element-3422916 e-flex e-con-boxed e-con e-parent\" data-id=\"3422916\" data-element_type=\"container\" data-settings=\"{&quot;background_background&quot;:&quot;gradient&quot;}\">\n\t\t\t\t\t<div class=\"e-con-inner\">\n\t\t<div class=\"elementor-element elementor-element-7d5d00a e-con-full e-flex e-con e-child\" data-id=\"7d5d00a\" data-element_type=\"container\">\n\t\t\t\t<div class=\"elementor-element elementor-element-9476a7b elementor-widget elementor-widget-heading\" data-id=\"9476a7b\" data-element_type=\"widget\" data-widget_type=\"heading.default\">\n\t\t\t\t<div class=\"elementor-widget-container\">\n\t\t\t\t\t<h1 class=\"elementor-heading-title elementor-size-default\">LobbyPMS Recrutamento<\/h1>\t\t\t\t<\/div>\n\t\t\t\t<\/div>\n\t\t\t\t<\/div>\n\t\t\t\t\t<\/div>\n\t\t\t\t<\/div>\n\t\t<div class=\"elementor-element elementor-element-173acd6 e-flex e-con-boxed e-con e-parent\" data-id=\"173acd6\" data-element_type=\"container\">\n\t\t\t\t\t<div class=\"e-con-inner\">\n\t\t\t\t<div class=\"elementor-element elementor-element-ebab459 elementor-widget elementor-widget-n-accordion\" data-id=\"ebab459\" data-element_type=\"widget\" data-settings=\"{&quot;default_state&quot;:&quot;all_collapsed&quot;,&quot;max_items_expended&quot;:&quot;one&quot;,&quot;n_accordion_animation_duration&quot;:{&quot;unit&quot;:&quot;ms&quot;,&quot;size&quot;:400,&quot;sizes&quot;:[]}}\" data-widget_type=\"nested-accordion.default\">\n\t\t\t\t<div class=\"elementor-widget-container\">\n\t\t\t\t\t\t\t<div class=\"e-n-accordion\" aria-label=\"Accordion. Open links with Enter or Space, close with Escape, and navigate with Arrow Keys\">\n\t\t\t\t\t\t<details id=\"e-n-accordion-item-2470\" class=\"e-n-accordion-item\" >\n\t\t\t\t<summary class=\"e-n-accordion-item-title\" data-accordion-index=\"1\" tabindex=\"0\" aria-expanded=\"false\" aria-controls=\"e-n-accordion-item-2470\" >\n\t\t\t\t\t<span class='e-n-accordion-item-title-header'><div class=\"e-n-accordion-item-title-text\"> \u00c9 necess\u00e1rio um contrato para utilizar o servi\u00e7o? <\/div><\/span>\n\t\t\t\t\t\t\t<span class='e-n-accordion-item-title-icon'>\n\t\t\t<span class='e-opened' ><i aria-hidden=\"true\" class=\"fas fa-minus\"><\/i><\/span>\n\t\t\t<span class='e-closed'><i aria-hidden=\"true\" class=\"fas fa-plus\"><\/i><\/span>\n\t\t<\/span>\n\n\t\t\t\t\t\t<\/summary>\n\t\t\t\t<div role=\"region\" aria-labelledby=\"e-n-accordion-item-2470\" class=\"elementor-element elementor-element-94609ed e-con-full e-flex e-con e-child\" data-id=\"94609ed\" data-element_type=\"container\">\n\t\t\t\t<div class=\"elementor-element elementor-element-97328fd elementor-widget elementor-widget-text-editor\" data-id=\"97328fd\" data-element_type=\"widget\" data-widget_type=\"text-editor.default\">\n\t\t\t\t<div class=\"elementor-widget-container\">\n\t\t\t\t\t\t\t\t\t<p>Para usar o LobbyPMS voc\u00ea n\u00e3o precisa assinar nenhum contrato. Somos obrigados por lei a usar termos e condi\u00e7\u00f5es de uso do aplicativo que sejam claramente exibidos no sistema para que os usu\u00e1rios possam acess\u00e1-los e l\u00ea-los facilmente. Ao registrar seu estabelecimento e come\u00e7ar a utilizar o sistema, entende-se que estes termos e condi\u00e7\u00f5es s\u00e3o aceitos por ambas as partes (o usu\u00e1rio e o LobbyPMS). A Nuvem \u00e9 a maneira mais segura de armazenar informa\u00e7\u00f5es, \u00e9 muito mais seguro do que fazer isso no seu computador ou em outra m\u00eddia local.   <\/p>\t\t\t\t\t\t\t\t<\/div>\n\t\t\t\t<\/div>\n\t\t\t\t<\/div>\n\t\t\t\t\t<\/details>\n\t\t\t\t\t\t<details id=\"e-n-accordion-item-2471\" class=\"e-n-accordion-item\" >\n\t\t\t\t<summary class=\"e-n-accordion-item-title\" data-accordion-index=\"2\" tabindex=\"-1\" aria-expanded=\"false\" aria-controls=\"e-n-accordion-item-2471\" >\n\t\t\t\t\t<span class='e-n-accordion-item-title-header'><div class=\"e-n-accordion-item-title-text\"> Existe uma cl\u00e1usula de perman\u00eancia? <\/div><\/span>\n\t\t\t\t\t\t\t<span class='e-n-accordion-item-title-icon'>\n\t\t\t<span class='e-opened' ><i aria-hidden=\"true\" class=\"fas fa-minus\"><\/i><\/span>\n\t\t\t<span class='e-closed'><i aria-hidden=\"true\" class=\"fas fa-plus\"><\/i><\/span>\n\t\t<\/span>\n\n\t\t\t\t\t\t<\/summary>\n\t\t\t\t<div role=\"region\" aria-labelledby=\"e-n-accordion-item-2471\" class=\"elementor-element elementor-element-a4eaa14 e-con-full e-flex e-con e-child\" data-id=\"a4eaa14\" data-element_type=\"container\">\n\t\t\t\t<div class=\"elementor-element elementor-element-b70f2f0 elementor-widget elementor-widget-text-editor\" data-id=\"b70f2f0\" data-element_type=\"widget\" data-widget_type=\"text-editor.default\">\n\t\t\t\t<div class=\"elementor-widget-container\">\n\t\t\t\t\t\t\t\t\t<p>Claro que n\u00e3o. Na LobbyPMS existe apenas um modelo de contrata\u00e7\u00e3o onde voc\u00ea paga uma taxa de ades\u00e3o ou assinatura para entrar na plataforma pela primeira vez e depois uma taxa mensal. Funciona como um sistema de recarga de celular, ou seja, voc\u00ea pode pagar antecipadamente a quantidade de meses que quiser para ativar a plataforma. Pode ser de 1 m\u00eas, 2 meses ou at\u00e9 12 meses. Como voc\u00ea desejar. Se voc\u00ea pagar por 12 meses, ter\u00e1 10% de desconto na mensalidade. Nunca haver\u00e1 uma cl\u00e1usula, se voc\u00ea quiser parar de pagar por um m\u00eas, poder\u00e1 faz\u00ea-lo e pagar novamente quando quiser acessar a plataforma novamente. Se desejar, voc\u00ea pode baixar suas informa\u00e7\u00f5es e cancelar a inscri\u00e7\u00e3o no sistema.       <\/p>\t\t\t\t\t\t\t\t<\/div>\n\t\t\t\t<\/div>\n\t\t\t\t<\/div>\n\t\t\t\t\t<\/details>\n\t\t\t\t\t\t<details id=\"e-n-accordion-item-2472\" class=\"e-n-accordion-item\" >\n\t\t\t\t<summary class=\"e-n-accordion-item-title\" data-accordion-index=\"3\" tabindex=\"-1\" aria-expanded=\"false\" aria-controls=\"e-n-accordion-item-2472\" >\n\t\t\t\t\t<span class='e-n-accordion-item-title-header'><div class=\"e-n-accordion-item-title-text\"> O que devo fazer se uma entidade supervisora \u200b\u200bme pedir para mostrar uma licen\u00e7a LobbyPMS? <\/div><\/span>\n\t\t\t\t\t\t\t<span class='e-n-accordion-item-title-icon'>\n\t\t\t<span class='e-opened' ><i aria-hidden=\"true\" class=\"fas fa-minus\"><\/i><\/span>\n\t\t\t<span class='e-closed'><i aria-hidden=\"true\" class=\"fas fa-plus\"><\/i><\/span>\n\t\t<\/span>\n\n\t\t\t\t\t\t<\/summary>\n\t\t\t\t<div role=\"region\" aria-labelledby=\"e-n-accordion-item-2472\" class=\"elementor-element elementor-element-dcaeed9 e-con-full e-flex e-con e-child\" data-id=\"dcaeed9\" data-element_type=\"container\">\n\t\t\t\t<div class=\"elementor-element elementor-element-3d8284a elementor-widget elementor-widget-text-editor\" data-id=\"3d8284a\" data-element_type=\"widget\" data-widget_type=\"text-editor.default\">\n\t\t\t\t<div class=\"elementor-widget-container\">\n\t\t\t\t\t\t\t\t\t<p>Neste caso, voc\u00ea deve indicar que o LobbyPMS n\u00e3o vende licen\u00e7as e que sua empresa paga por um servi\u00e7o em nuvem, enquadrado dentro de termos e condi\u00e7\u00f5es definidos na plataforma. Al\u00e9m disso, voc\u00ea deve apresentar a fatura do seu \u00faltimo pagamento pelo servi\u00e7o. <\/p>\t\t\t\t\t\t\t\t<\/div>\n\t\t\t\t<\/div>\n\t\t\t\t<\/div>\n\t\t\t\t\t<\/details>\n\t\t\t\t\t<\/div>\n\t\t\t\t\t<script type=\"application\/ld+json\">{\"@context\":\"https:\\\/\\\/schema.org\",\"@type\":\"FAQPage\",\"mainEntity\":[{\"@type\":\"Question\",\"name\":\"\\u00c9 necess\\u00e1rio um contrato para utilizar o servi\\u00e7o?\",\"acceptedAnswer\":{\"@type\":\"Answer\",\"text\":\"Para usar o LobbyPMS voc\\u00ea n\\u00e3o precisa assinar nenhum contrato. Somos obrigados por lei a usar termos e condi\\u00e7\\u00f5es de uso do aplicativo que sejam claramente exibidos no sistema para que os usu\\u00e1rios possam acess\\u00e1-los e l\\u00ea-los facilmente. Ao registrar seu estabelecimento e come\\u00e7ar a utilizar o sistema, entende-se que estes termos e condi\\u00e7\\u00f5es s\\u00e3o aceitos por ambas as partes (o usu\\u00e1rio e o LobbyPMS). A Nuvem \\u00e9 a maneira mais segura de armazenar informa\\u00e7\\u00f5es, \\u00e9 muito mais seguro do que fazer isso no seu computador ou em outra m\\u00eddia local.\"}},{\"@type\":\"Question\",\"name\":\"Existe uma cl\\u00e1usula de perman\\u00eancia?\",\"acceptedAnswer\":{\"@type\":\"Answer\",\"text\":\"Claro que n\\u00e3o. Na LobbyPMS existe apenas um modelo de contrata\\u00e7\\u00e3o onde voc\\u00ea paga uma taxa de ades\\u00e3o ou assinatura para entrar na plataforma pela primeira vez e depois uma taxa mensal. Funciona como um sistema de recarga de celular, ou seja, voc\\u00ea pode pagar antecipadamente a quantidade de meses que quiser para ativar a plataforma. Pode ser de 1 m\\u00eas, 2 meses ou at\\u00e9 12 meses. Como voc\\u00ea desejar. Se voc\\u00ea pagar por 12 meses, ter\\u00e1 10% de desconto na mensalidade. Nunca haver\\u00e1 uma cl\\u00e1usula, se voc\\u00ea quiser parar de pagar por um m\\u00eas, poder\\u00e1 faz\\u00ea-lo e pagar novamente quando quiser acessar a plataforma novamente. Se desejar, voc\\u00ea pode baixar suas informa\\u00e7\\u00f5es e cancelar a inscri\\u00e7\\u00e3o no sistema.\"}},{\"@type\":\"Question\",\"name\":\"O que devo fazer se uma entidade supervisora \\u200b\\u200bme pedir para mostrar uma licen\\u00e7a LobbyPMS?\",\"acceptedAnswer\":{\"@type\":\"Answer\",\"text\":\"Neste caso, voc\\u00ea deve indicar que o LobbyPMS n\\u00e3o vende licen\\u00e7as e que sua empresa paga por um servi\\u00e7o em nuvem, enquadrado dentro de termos e condi\\u00e7\\u00f5es definidos na plataforma. Al\\u00e9m disso, voc\\u00ea deve apresentar a fatura do seu \\u00faltimo pagamento pelo servi\\u00e7o.\"}}]}<\/script>\n\t\t\t\t\t\t\t<\/div>\n\t\t\t\t<\/div>\n\t\t\t\t\t<\/div>\n\t\t\t\t<\/div>\n\t\t<div class=\"elementor-element elementor-element-47a3b9e e-con-full e-flex e-con e-parent\" data-id=\"47a3b9e\" data-element_type=\"container\">\n\t\t\t\t<div class=\"elementor-element elementor-element-95f4aa9 elementor-widget elementor-widget-template\" data-id=\"95f4aa9\" data-element_type=\"widget\" data-widget_type=\"template.default\">\n\t\t\t\t<div class=\"elementor-widget-container\">\n\t\t\t\t\t\t\t<div class=\"elementor-template\">\n\t\t\t\t\t<div data-elementor-type=\"container\" data-elementor-id=\"10635\" class=\"elementor elementor-10635 elementor-923\" data-elementor-post-type=\"elementor_library\">\n\t\t\t\t<div class=\"elementor-element elementor-element-dca891a e-flex e-con-boxed e-con e-parent\" data-id=\"dca891a\" data-element_type=\"container\" id=\"lobbypms\">\n\t\t\t\t\t<div class=\"e-con-inner\">\n\t\t<div class=\"elementor-element elementor-element-d6ec437 e-con-full e-flex e-con e-child\" data-id=\"d6ec437\" data-element_type=\"container\">\n\t\t\t\t<div class=\"elementor-element elementor-element-28614c4 elementor-widget__width-inherit elementor-widget elementor-widget-heading\" data-id=\"28614c4\" data-element_type=\"widget\" data-widget_type=\"heading.default\">\n\t\t\t\t<div class=\"elementor-widget-container\">\n\t\t\t\t\t<h2 class=\"elementor-heading-title elementor-size-default\"><b>Descubra o LobbyPMS<\/b> e transforme a gest\u00e3o do seu neg\u00f3cio<\/h2>\t\t\t\t<\/div>\n\t\t\t\t<\/div>\n\t\t\t\t<div class=\"elementor-element elementor-element-dea9104 elementor-widget elementor-widget-image\" data-id=\"dea9104\" data-element_type=\"widget\" data-widget_type=\"image.default\">\n\t\t\t\t<div class=\"elementor-widget-container\">\n\t\t\t\t\t\t\t\t\t\t\t\t\t\t\t<img fetchpriority=\"high\" decoding=\"async\" width=\"321\" height=\"284\" src=\"https:\/\/lobbypms.com\/wp-content\/uploads\/2025\/01\/Descubre-LobbyPMS-y-transforma-la-gestion-de-tu-negocio-min.webp\" class=\"attachment-full size-full wp-image-10636\" alt=\"\" \/>\t\t\t\t\t\t\t\t\t\t\t\t\t\t\t<\/div>\n\t\t\t\t<\/div>\n\t\t\t\t<\/div>\n\t\t<div class=\"elementor-element elementor-element-70beab0 e-con-full e-flex e-con e-child\" data-id=\"70beab0\" data-element_type=\"container\" id=\"pruebademo\" data-settings=\"{&quot;background_background&quot;:&quot;gradient&quot;}\">\n\t\t\t\t<div class=\"elementor-element elementor-element-6cbb438 elementor-widget elementor-widget-image\" data-id=\"6cbb438\" data-element_type=\"widget\" data-widget_type=\"image.default\">\n\t\t\t\t<div class=\"elementor-widget-container\">\n\t\t\t\t\t\t\t\t\t\t\t\t\t\t\t<img decoding=\"async\" width=\"76\" height=\"75\" src=\"https:\/\/lobbypms.com\/wp-content\/uploads\/2025\/01\/Lobby-icono2.svg\" class=\"attachment-full size-full wp-image-9175\" alt=\"\" \/>\t\t\t\t\t\t\t\t\t\t\t\t\t\t\t<\/div>\n\t\t\t\t<\/div>\n\t\t\t\t<div class=\"elementor-element elementor-element-a3e6497 elementor-widget elementor-widget-text-editor\" data-id=\"a3e6497\" data-element_type=\"widget\" data-widget_type=\"text-editor.default\">\n\t\t\t\t<div class=\"elementor-widget-container\">\n\t\t\t\t\t\t\t\t\t<p><span style=\"font-weight: 400;\"><strong>Experimente o Lobby gratuitamente por 15 dias<\/strong> e conhe\u00e7a o <strong>software de hotel<\/strong> que simplificar\u00e1 a gest\u00e3o do seu hotel desde o primeiro dia.<\/span><\/p>\t\t\t\t\t\t\t\t<\/div>\n\t\t\t\t<\/div>\n\t\t\t\t<div class=\"elementor-element elementor-element-6429fb5 elementor-widget elementor-widget-button\" data-id=\"6429fb5\" data-element_type=\"widget\" data-widget_type=\"button.default\">\n\t\t\t\t<div class=\"elementor-widget-container\">\n\t\t\t\t\t\t\t\t\t<div class=\"elementor-button-wrapper\">\n\t\t\t\t\t<a class=\"elementor-button elementor-button-link elementor-size-sm\" href=\"#elementor-action%3Aaction%3Dpopup%3Aopen%26settings%3DeyJpZCI6MTA2NTksInRvZ2dsZSI6ZmFsc2V9\">\n\t\t\t\t\t\t<span class=\"elementor-button-content-wrapper\">\n\t\t\t\t\t\t\t\t\t<span class=\"elementor-button-text\">Solicite um teste GRATUITO<\/span>\n\t\t\t\t\t<\/span>\n\t\t\t\t\t<\/a>\n\t\t\t\t<\/div>\n\t\t\t\t\t\t\t\t<\/div>\n\t\t\t\t<\/div>\n\t\t\t\t<\/div>\n\t\t<div class=\"elementor-element elementor-element-8210a28 e-con-full e-flex e-con e-child\" data-id=\"8210a28\" data-element_type=\"container\" data-settings=\"{&quot;background_background&quot;:&quot;gradient&quot;}\">\n\t\t\t\t<div class=\"elementor-element elementor-element-2dd6e39 elementor-widget elementor-widget-image\" data-id=\"2dd6e39\" data-element_type=\"widget\" data-widget_type=\"image.default\">\n\t\t\t\t<div class=\"elementor-widget-container\">\n\t\t\t\t\t\t\t\t\t\t\t\t\t\t\t<img decoding=\"async\" width=\"152\" height=\"153\" src=\"https:\/\/lobbypms.com\/wp-content\/uploads\/2025\/01\/Demo-lobby-icon.png\" class=\"attachment-full size-full wp-image-9181\" alt=\"\" srcset=\"https:\/\/lobbypms.com\/wp-content\/uploads\/2025\/01\/Demo-lobby-icon.png 152w, https:\/\/lobbypms.com\/wp-content\/uploads\/2025\/01\/Demo-lobby-icon-150x150.png 150w\" sizes=\"(max-width: 152px) 100vw, 152px\" \/>\t\t\t\t\t\t\t\t\t\t\t\t\t\t\t<\/div>\n\t\t\t\t<\/div>\n\t\t\t\t<div class=\"elementor-element elementor-element-7a374da elementor-widget elementor-widget-text-editor\" data-id=\"7a374da\" data-element_type=\"widget\" data-widget_type=\"text-editor.default\">\n\t\t\t\t<div class=\"elementor-widget-container\">\n\t\t\t\t\t\t\t\t\t<p><span style=\"font-weight: 400;\"><strong>Agende uma demonstra\u00e7\u00e3o personalizada<\/strong> e descubra como <strong>o Lobby pode transformar sua gest\u00e3o de acomoda\u00e7\u00f5es.<\/strong> Fale com nossos especialistas e conhe\u00e7a as ferramentas que ajudar\u00e3o seu neg\u00f3cio a crescer.<\/span><\/p>\t\t\t\t\t\t\t\t<\/div>\n\t\t\t\t<\/div>\n\t\t\t\t<div class=\"elementor-element elementor-element-3e974ad elementor-widget elementor-widget-button\" data-id=\"3e974ad\" data-element_type=\"widget\" data-widget_type=\"button.default\">\n\t\t\t\t<div class=\"elementor-widget-container\">\n\t\t\t\t\t\t\t\t\t<div class=\"elementor-button-wrapper\">\n\t\t\t\t\t<a class=\"elementor-button elementor-button-link elementor-size-sm\" href=\"#elementor-action%3Aaction%3Dpopup%3Aopen%26settings%3DeyJpZCI6MTA2NTAsInRvZ2dsZSI6ZmFsc2V9\">\n\t\t\t\t\t\t<span class=\"elementor-button-content-wrapper\">\n\t\t\t\t\t\t\t\t\t<span class=\"elementor-button-text\">Agende agora<\/span>\n\t\t\t\t\t<\/span>\n\t\t\t\t\t<\/a>\n\t\t\t\t<\/div>\n\t\t\t\t\t\t\t\t<\/div>\n\t\t\t\t<\/div>\n\t\t\t\t<\/div>\n\t\t\t\t\t<\/div>\n\t\t\t\t<\/div>\n\t\t\t\t<\/div>\n\t\t\t\t<\/div>\n\t\t\t\t\t\t<\/div>\n\t\t\t\t<\/div>\n\t\t\t\t<\/div>\n\t\t\t\t<\/div>\n\t\t","protected":false},"excerpt":{"rendered":"<p>LobbyPMS Recrutamento \u00c9 necess\u00e1rio um contrato para utilizar o servi\u00e7o? Para usar o LobbyPMS voc\u00ea n\u00e3o precisa assinar nenhum contrato. Somos obrigados por lei a usar termos e condi\u00e7\u00f5es de uso do aplicativo que sejam claramente exibidos no sistema para que os usu\u00e1rios possam acess\u00e1-los e l\u00ea-los facilmente. Ao registrar seu estabelecimento e come\u00e7ar a [&hellip;]<\/p>\n","protected":false},"author":2,"featured_media":0,"parent":0,"menu_order":0,"comment_status":"closed","ping_status":"closed","template":"","meta":{"_joinchat":[],"footnotes":""},"class_list":["post-10057","page","type-page","status-publish","hentry"],"yoast_head":"<!-- This site is optimized with the Yoast SEO plugin v25.8 - https:\/\/yoast.com\/wordpress\/plugins\/seo\/ -->\n<title>LobbyPMS Recrutamento | LobbyPMS<\/title>\n<meta name=\"robots\" content=\"index, follow, max-snippet:-1, max-image-preview:large, max-video-preview:-1\" \/>\n<link rel=\"canonical\" href=\"https:\/\/lobbypms.com\/pt-br\/lobbypms-recrutamento\/\" \/>\n<meta property=\"og:locale\" content=\"pt_BR\" \/>\n<meta property=\"og:type\" content=\"article\" \/>\n<meta property=\"og:title\" content=\"LobbyPMS Recrutamento | LobbyPMS\" \/>\n<meta property=\"og:description\" content=\"LobbyPMS Recrutamento \u00c9 necess\u00e1rio um contrato para utilizar o servi\u00e7o? Para usar o LobbyPMS voc\u00ea n\u00e3o precisa assinar nenhum contrato. Somos obrigados por lei a usar termos e condi\u00e7\u00f5es de uso do aplicativo que sejam claramente exibidos no sistema para que os usu\u00e1rios possam acess\u00e1-los e l\u00ea-los facilmente. Ao registrar seu estabelecimento e come\u00e7ar a [&hellip;]\" \/>\n<meta property=\"og:url\" content=\"https:\/\/lobbypms.com\/pt-br\/lobbypms-recrutamento\/\" \/>\n<meta property=\"og:site_name\" content=\"LobbyPMS\" \/>\n<meta property=\"article:publisher\" content=\"https:\/\/www.facebook.com\/lobbysoftware\/\" \/>\n<meta property=\"article:modified_time\" content=\"2025-02-21T15:16:07+00:00\" \/>\n<meta name=\"twitter:card\" content=\"summary_large_image\" \/>\n<meta name=\"twitter:label1\" content=\"Est. tempo de leitura\" \/>\n\t<meta name=\"twitter:data1\" content=\"3 minutos\" \/>\n<script type=\"application\/ld+json\" class=\"yoast-schema-graph\">{\"@context\":\"https:\/\/schema.org\",\"@graph\":[{\"@type\":\"WebPage\",\"@id\":\"https:\/\/lobbypms.com\/pt-br\/lobbypms-recrutamento\/\",\"url\":\"https:\/\/lobbypms.com\/pt-br\/lobbypms-recrutamento\/\",\"name\":\"LobbyPMS Recrutamento | LobbyPMS\",\"isPartOf\":{\"@id\":\"https:\/\/lobbypms.com\/pt-br\/#website\"},\"datePublished\":\"2025-02-06T16:47:20+00:00\",\"dateModified\":\"2025-02-21T15:16:07+00:00\",\"breadcrumb\":{\"@id\":\"https:\/\/lobbypms.com\/pt-br\/lobbypms-recrutamento\/#breadcrumb\"},\"inLanguage\":\"pt-BR\",\"potentialAction\":[{\"@type\":\"ReadAction\",\"target\":[\"https:\/\/lobbypms.com\/pt-br\/lobbypms-recrutamento\/\"]}]},{\"@type\":\"BreadcrumbList\",\"@id\":\"https:\/\/lobbypms.com\/pt-br\/lobbypms-recrutamento\/#breadcrumb\",\"itemListElement\":[{\"@type\":\"ListItem\",\"position\":1,\"name\":\"Inicio\",\"item\":\"https:\/\/lobbypms.com\/pt-br\/\"},{\"@type\":\"ListItem\",\"position\":2,\"name\":\"LobbyPMS Recrutamento\"}]},{\"@type\":\"WebSite\",\"@id\":\"https:\/\/lobbypms.com\/pt-br\/#website\",\"url\":\"https:\/\/lobbypms.com\/pt-br\/\",\"name\":\"LobbyPMS\",\"description\":\"LobbyPMS el mejor software para hoteles\",\"publisher\":{\"@id\":\"https:\/\/lobbypms.com\/pt-br\/#organization\"},\"alternateName\":\"Lobby\",\"potentialAction\":[{\"@type\":\"SearchAction\",\"target\":{\"@type\":\"EntryPoint\",\"urlTemplate\":\"https:\/\/lobbypms.com\/pt-br\/?s={search_term_string}\"},\"query-input\":{\"@type\":\"PropertyValueSpecification\",\"valueRequired\":true,\"valueName\":\"search_term_string\"}}],\"inLanguage\":\"pt-BR\"},{\"@type\":\"Organization\",\"@id\":\"https:\/\/lobbypms.com\/pt-br\/#organization\",\"name\":\"LobbyPMS\",\"alternateName\":\"Lobby\",\"url\":\"https:\/\/lobbypms.com\/pt-br\/\",\"logo\":{\"@type\":\"ImageObject\",\"inLanguage\":\"pt-BR\",\"@id\":\"https:\/\/lobbypms.com\/pt-br\/#\/schema\/logo\/image\/\",\"url\":\"https:\/\/lobbypms.com\/wp-content\/uploads\/2024\/12\/lobby-logo.svg\",\"contentUrl\":\"https:\/\/lobbypms.com\/wp-content\/uploads\/2024\/12\/lobby-logo.svg\",\"width\":91,\"height\":37,\"caption\":\"LobbyPMS\"},\"image\":{\"@id\":\"https:\/\/lobbypms.com\/pt-br\/#\/schema\/logo\/image\/\"},\"sameAs\":[\"https:\/\/www.facebook.com\/lobbysoftware\/\",\"https:\/\/www.instagram.com\/lobby_hotel_software\/\",\"https:\/\/www.youtube.com\/channel\/UCWi2G0-bJ9NSsc1WVgZdESA\",\"https:\/\/www.linkedin.com\/company\/lobbypms-software\/\"]}]}<\/script>\n<!-- \/ Yoast SEO plugin. -->","yoast_head_json":{"title":"LobbyPMS Recrutamento | LobbyPMS","robots":{"index":"index","follow":"follow","max-snippet":"max-snippet:-1","max-image-preview":"max-image-preview:large","max-video-preview":"max-video-preview:-1"},"canonical":"https:\/\/lobbypms.com\/pt-br\/lobbypms-recrutamento\/","og_locale":"pt_BR","og_type":"article","og_title":"LobbyPMS Recrutamento | LobbyPMS","og_description":"LobbyPMS Recrutamento \u00c9 necess\u00e1rio um contrato para utilizar o servi\u00e7o? Para usar o LobbyPMS voc\u00ea n\u00e3o precisa assinar nenhum contrato. Somos obrigados por lei a usar termos e condi\u00e7\u00f5es de uso do aplicativo que sejam claramente exibidos no sistema para que os usu\u00e1rios possam acess\u00e1-los e l\u00ea-los facilmente. Ao registrar seu estabelecimento e come\u00e7ar a [&hellip;]","og_url":"https:\/\/lobbypms.com\/pt-br\/lobbypms-recrutamento\/","og_site_name":"LobbyPMS","article_publisher":"https:\/\/www.facebook.com\/lobbysoftware\/","article_modified_time":"2025-02-21T15:16:07+00:00","twitter_card":"summary_large_image","twitter_misc":{"Est. tempo de leitura":"3 minutos"},"schema":{"@context":"https:\/\/schema.org","@graph":[{"@type":"WebPage","@id":"https:\/\/lobbypms.com\/pt-br\/lobbypms-recrutamento\/","url":"https:\/\/lobbypms.com\/pt-br\/lobbypms-recrutamento\/","name":"LobbyPMS Recrutamento | LobbyPMS","isPartOf":{"@id":"https:\/\/lobbypms.com\/pt-br\/#website"},"datePublished":"2025-02-06T16:47:20+00:00","dateModified":"2025-02-21T15:16:07+00:00","breadcrumb":{"@id":"https:\/\/lobbypms.com\/pt-br\/lobbypms-recrutamento\/#breadcrumb"},"inLanguage":"pt-BR","potentialAction":[{"@type":"ReadAction","target":["https:\/\/lobbypms.com\/pt-br\/lobbypms-recrutamento\/"]}]},{"@type":"BreadcrumbList","@id":"https:\/\/lobbypms.com\/pt-br\/lobbypms-recrutamento\/#breadcrumb","itemListElement":[{"@type":"ListItem","position":1,"name":"Inicio","item":"https:\/\/lobbypms.com\/pt-br\/"},{"@type":"ListItem","position":2,"name":"LobbyPMS Recrutamento"}]},{"@type":"WebSite","@id":"https:\/\/lobbypms.com\/pt-br\/#website","url":"https:\/\/lobbypms.com\/pt-br\/","name":"LobbyPMS","description":"LobbyPMS el mejor software para hoteles","publisher":{"@id":"https:\/\/lobbypms.com\/pt-br\/#organization"},"alternateName":"Lobby","potentialAction":[{"@type":"SearchAction","target":{"@type":"EntryPoint","urlTemplate":"https:\/\/lobbypms.com\/pt-br\/?s={search_term_string}"},"query-input":{"@type":"PropertyValueSpecification","valueRequired":true,"valueName":"search_term_string"}}],"inLanguage":"pt-BR"},{"@type":"Organization","@id":"https:\/\/lobbypms.com\/pt-br\/#organization","name":"LobbyPMS","alternateName":"Lobby","url":"https:\/\/lobbypms.com\/pt-br\/","logo":{"@type":"ImageObject","inLanguage":"pt-BR","@id":"https:\/\/lobbypms.com\/pt-br\/#\/schema\/logo\/image\/","url":"https:\/\/lobbypms.com\/wp-content\/uploads\/2024\/12\/lobby-logo.svg","contentUrl":"https:\/\/lobbypms.com\/wp-content\/uploads\/2024\/12\/lobby-logo.svg","width":91,"height":37,"caption":"LobbyPMS"},"image":{"@id":"https:\/\/lobbypms.com\/pt-br\/#\/schema\/logo\/image\/"},"sameAs":["https:\/\/www.facebook.com\/lobbysoftware\/","https:\/\/www.instagram.com\/lobby_hotel_software\/","https:\/\/www.youtube.com\/channel\/UCWi2G0-bJ9NSsc1WVgZdESA","https:\/\/www.linkedin.com\/company\/lobbypms-software\/"]}]}},"_links":{"self":[{"href":"https:\/\/lobbypms.com\/pt-br\/wp-json\/wp\/v2\/pages\/10057","targetHints":{"allow":["GET"]}}],"collection":[{"href":"https:\/\/lobbypms.com\/pt-br\/wp-json\/wp\/v2\/pages"}],"about":[{"href":"https:\/\/lobbypms.com\/pt-br\/wp-json\/wp\/v2\/types\/page"}],"author":[{"embeddable":true,"href":"https:\/\/lobbypms.com\/pt-br\/wp-json\/wp\/v2\/users\/2"}],"replies":[{"embeddable":true,"href":"https:\/\/lobbypms.com\/pt-br\/wp-json\/wp\/v2\/comments?post=10057"}],"version-history":[{"count":2,"href":"https:\/\/lobbypms.com\/pt-br\/wp-json\/wp\/v2\/pages\/10057\/revisions"}],"predecessor-version":[{"id":10612,"href":"https:\/\/lobbypms.com\/pt-br\/wp-json\/wp\/v2\/pages\/10057\/revisions\/10612"}],"wp:attachment":[{"href":"https:\/\/lobbypms.com\/pt-br\/wp-json\/wp\/v2\/media?parent=10057"}],"curies":[{"name":"wp","href":"https:\/\/api.w.org\/{rel}","templated":true}]}}